{"id":178,"date":"2019-11-10T14:57:38","date_gmt":"2019-11-10T13:57:38","guid":{"rendered":"http:\/\/alexkalcher.de\/wp\/?page_id=178"},"modified":"2024-01-09T20:03:38","modified_gmt":"2024-01-09T19:03:38","slug":"modellbau","status":"publish","type":"page","link":"https:\/\/alexkalcher.de\/wp\/modellbau\/","title":{"rendered":"LKW-Modellbau"},"content":{"rendered":"\n<p class=\"has-drop-cap\"><strong>Die Faszination beim LKW-Modellbau ist, das Vorbild so detailgetreu wie m\u00f6glich nachzubauen. Optisch und funktionell.<\/strong><\/p>\n\n\n\n<!--more-->\n\n\n\n<p>Dabei m\u00fcssen es nicht immer nur die \u00fcblichen Techniken, also ein Baukasten aus Metall und Kunststoff sein. Hier finden Sie eine \u00dcbersicht und Beschreibungen meiner Modelle.<\/p>\n\n\n<div class=\"wp-block-visual-portfolio\">\n<div class=\"vp-portfolio vp-uid-0a832649 vp-id-Z27uUNb\"\n\tdata-vp-layout=\"tiles\" data-vp-content-source=\"images\" data-vp-items-style=\"fade\" data-vp-items-click-action=\"url\" data-vp-items-gap=\"2\" data-vp-items-gap-vertical=\"\" data-vp-pagination=\"load-more\" data-vp-next-page-url=\"\" data-vp-tiles-type=\"3|1,1|\" >\n\t<div class=\"vp-portfolio__preloader-wrap\">\n\t\t<div class=\"vp-portfolio__preloader\">\n\t\t\t<img decoding=\"async\" loading=\"eager\" src=\"https:\/\/alexkalcher.de\/wp-content\/plugins\/visual-portfolio\/assets\/images\/logo-dark.svg\" alt=\"Visual Portfolio, Posts &amp; Image Gallery for WordPress\" width=\"20\" height=\"20\" data-skip-lazy>\n\t\t<\/div>\n\t<\/div>\n\t\t<div class=\"vp-portfolio__items-wrap\">\n\t\t\t\n<div class=\"vp-portfolio__items vp-portfolio__items-style-fade vp-portfolio__items-show-overlay-hover\">\n\n\t\t<div\t\tclass=\"vp-portfolio__item-wrap vp-portfolio__item-uid-557727df\" data-vp-filter=\"\" \t\t>\n\t\t\t\t\t\t\t\t\t<figure class=\"vp-portfolio__item\">\n\t\t\t\t\n<div class=\"vp-portfolio__item-img-wrap\">\n\t<div class=\"vp-portfolio__item-img\">\n\t\t\t<a\n\t\thref=\"https:\/\/alexkalcher.de\/wp\/modellbau\/mercedes-benz-1838\/\"\n\t\taria-label=\"Mercedes Benz 1838\" \t>\n\t\n\t\t<noscript><img loading=\"lazy\" decoding=\"async\" width=\"640\" height=\"640\" data-skip-lazy src=\"https:\/\/alexkalcher.de\/wp-content\/uploads\/Portfolio-MB.jpg\" class=\"wp-image-882\" alt=\"\" srcset=\"https:\/\/alexkalcher.de\/wp-content\/uploads\/Portfolio-MB.jpg 640w, https:\/\/alexkalcher.de\/wp-content\/uploads\/Portfolio-MB-300x300.jpg 300w, https:\/\/alexkalcher.de\/wp-content\/uploads\/Portfolio-MB-150x150.jpg 150w, https:\/\/alexkalcher.de\/wp-content\/uploads\/Portfolio-MB-24x24.jpg 24w, https:\/\/alexkalcher.de\/wp-content\/uploads\/Portfolio-MB-36x36.jpg 36w, https:\/\/alexkalcher.de\/wp-content\/uploads\/Portfolio-MB-48x48.jpg 48w\" sizes=\"auto, (max-width: 640px) 100vw, 640px\" \/><\/noscript><img fetchpriority=\"high\" decoding=\"async\" width=\"640\" height=\"640\" src=\"https:\/\/alexkalcher.de\/wp-content\/uploads\/Portfolio-MB.jpg\" class=\"wp-image-882 vp-lazyload\" alt srcset=\"data:image\/svg+xml;base64,PHN2ZyB3aWR0aD0iNjQwIiBoZWlnaHQ9IjY0MCIgdmlld0JveD0iMCAwIDY0MCA2NDAiIGZpbGw9Im5vbmUiIHhtbG5zPSJodHRwOi8vd3d3LnczLm9yZy8yMDAwL3N2ZyI+PC9zdmc+\" data-src=\"https:\/\/alexkalcher.de\/wp-content\/uploads\/Portfolio-MB.jpg\" data-srcset=\"https:\/\/alexkalcher.de\/wp-content\/uploads\/Portfolio-MB.jpg 640w, https:\/\/alexkalcher.de\/wp-content\/uploads\/Portfolio-MB-300x300.jpg 300w, https:\/\/alexkalcher.de\/wp-content\/uploads\/Portfolio-MB-150x150.jpg 150w, https:\/\/alexkalcher.de\/wp-content\/uploads\/Portfolio-MB-24x24.jpg 24w, https:\/\/alexkalcher.de\/wp-content\/uploads\/Portfolio-MB-36x36.jpg 36w, https:\/\/alexkalcher.de\/wp-content\/uploads\/Portfolio-MB-48x48.jpg 48w\" data-sizes=\"auto\" loading=\"eager\">\n\t\t<\/a>\t<\/div>\n<\/div>\n\t<figcaption class=\"vp-portfolio__item-overlay vp-portfolio__item-overlay-text-align-center\">\n\t\t<div class=\"vp-portfolio__item-meta-wrap vp-portfolio__custom-scrollbar\">\n\t\t\t\t<a\n\t\thref=\"https:\/\/alexkalcher.de\/wp\/modellbau\/mercedes-benz-1838\/\"\n\t\ttabindex=\"-1\" class=\"vp-portfolio__item-meta\" aria-label=\"Mercedes Benz 1838\" \t>\n\t\n<h2 class=\"vp-portfolio__item-meta-title\">\n\tMercedes Benz 1838<\/h2>\n<\/a>\t\t<\/div>\n\t<\/figcaption>\n\t\t\t<\/figure>\n\t\t\t\t\t<\/div>\n\t\t\n\t\t<div\t\tclass=\"vp-portfolio__item-wrap vp-portfolio__item-uid-bfd49500\" data-vp-filter=\"\" \t\t>\n\t\t\t\t\t\t\t\t\t<figure class=\"vp-portfolio__item\">\n\t\t\t\t\n<div class=\"vp-portfolio__item-img-wrap\">\n\t<div class=\"vp-portfolio__item-img\">\n\t\t\t<a\n\t\thref=\"https:\/\/alexkalcher.de\/wp\/modellbau\/schiebeplanen-pritschenauflieger\/\"\n\t\taria-label=\"Schiebeplanen- Pritschenauflieger\" \t>\n\t\n\t\t<noscript><img loading=\"lazy\" decoding=\"async\" width=\"640\" height=\"640\" data-skip-lazy src=\"https:\/\/alexkalcher.de\/wp-content\/uploads\/Portfolio-Tam-Schiebeplaner-neu.jpg\" class=\"wp-image-1638\" alt=\"\" srcset=\"https:\/\/alexkalcher.de\/wp-content\/uploads\/Portfolio-Tam-Schiebeplaner-neu.jpg 640w, https:\/\/alexkalcher.de\/wp-content\/uploads\/Portfolio-Tam-Schiebeplaner-neu-300x300.jpg 300w, https:\/\/alexkalcher.de\/wp-content\/uploads\/Portfolio-Tam-Schiebeplaner-neu-150x150.jpg 150w\" sizes=\"auto, (max-width: 640px) 100vw, 640px\" \/><\/noscript><img decoding=\"async\" width=\"640\" height=\"640\" src=\"https:\/\/alexkalcher.de\/wp-content\/uploads\/Portfolio-Tam-Schiebeplaner-neu.jpg\" class=\"wp-image-1638 vp-lazyload\" alt srcset=\"data:image\/svg+xml;base64,PHN2ZyB3aWR0aD0iNjQwIiBoZWlnaHQ9IjY0MCIgdmlld0JveD0iMCAwIDY0MCA2NDAiIGZpbGw9Im5vbmUiIHhtbG5zPSJodHRwOi8vd3d3LnczLm9yZy8yMDAwL3N2ZyI+PC9zdmc+\" data-src=\"https:\/\/alexkalcher.de\/wp-content\/uploads\/Portfolio-Tam-Schiebeplaner-neu.jpg\" data-srcset=\"https:\/\/alexkalcher.de\/wp-content\/uploads\/Portfolio-Tam-Schiebeplaner-neu.jpg 640w, https:\/\/alexkalcher.de\/wp-content\/uploads\/Portfolio-Tam-Schiebeplaner-neu-300x300.jpg 300w, https:\/\/alexkalcher.de\/wp-content\/uploads\/Portfolio-Tam-Schiebeplaner-neu-150x150.jpg 150w\" data-sizes=\"auto\" loading=\"eager\">\n\t\t<\/a>\t<\/div>\n<\/div>\n\t<figcaption class=\"vp-portfolio__item-overlay vp-portfolio__item-overlay-text-align-center\">\n\t\t<div class=\"vp-portfolio__item-meta-wrap vp-portfolio__custom-scrollbar\">\n\t\t\t\t<a\n\t\thref=\"https:\/\/alexkalcher.de\/wp\/modellbau\/schiebeplanen-pritschenauflieger\/\"\n\t\ttabindex=\"-1\" class=\"vp-portfolio__item-meta\" aria-label=\"Schiebeplanen- Pritschenauflieger\" \t>\n\t\n<h2 class=\"vp-portfolio__item-meta-title\">\n\tSchiebeplanen- Pritschenauflieger<\/h2>\n<\/a>\t\t<\/div>\n\t<\/figcaption>\n\t\t\t<\/figure>\n\t\t\t\t\t<\/div>\n\t\t\n\t\t<div\t\tclass=\"vp-portfolio__item-wrap vp-portfolio__item-uid-161d4a61\" data-vp-filter=\"\" \t\t>\n\t\t\t\t\t\t\t\t\t<figure class=\"vp-portfolio__item\">\n\t\t\t\t\n<div class=\"vp-portfolio__item-img-wrap\">\n\t<div class=\"vp-portfolio__item-img\">\n\t\t\t<a\n\t\thref=\"https:\/\/alexkalcher.de\/wp\/modellbau\/man-tga-xxl-sattelzugmaschine\/\"\n\t\taria-label=\"MAN TGA XXL Sattelzugmaschine\" \t>\n\t\n\t\t<noscript><img loading=\"lazy\" decoding=\"async\" width=\"640\" height=\"640\" data-skip-lazy src=\"https:\/\/alexkalcher.de\/wp-content\/uploads\/Portfolio-TGA.jpg\" class=\"wp-image-884\" alt=\"\" srcset=\"https:\/\/alexkalcher.de\/wp-content\/uploads\/Portfolio-TGA.jpg 640w, https:\/\/alexkalcher.de\/wp-content\/uploads\/Portfolio-TGA-300x300.jpg 300w, https:\/\/alexkalcher.de\/wp-content\/uploads\/Portfolio-TGA-150x150.jpg 150w, https:\/\/alexkalcher.de\/wp-content\/uploads\/Portfolio-TGA-24x24.jpg 24w, https:\/\/alexkalcher.de\/wp-content\/uploads\/Portfolio-TGA-36x36.jpg 36w, https:\/\/alexkalcher.de\/wp-content\/uploads\/Portfolio-TGA-48x48.jpg 48w\" sizes=\"auto, (max-width: 640px) 100vw, 640px\" \/><\/noscript><img decoding=\"async\" width=\"640\" height=\"640\" src=\"https:\/\/alexkalcher.de\/wp-content\/uploads\/Portfolio-TGA.jpg\" class=\"wp-image-884 vp-lazyload\" alt srcset=\"data:image\/svg+xml;base64,PHN2ZyB3aWR0aD0iNjQwIiBoZWlnaHQ9IjY0MCIgdmlld0JveD0iMCAwIDY0MCA2NDAiIGZpbGw9Im5vbmUiIHhtbG5zPSJodHRwOi8vd3d3LnczLm9yZy8yMDAwL3N2ZyI+PC9zdmc+\" data-src=\"https:\/\/alexkalcher.de\/wp-content\/uploads\/Portfolio-TGA.jpg\" data-srcset=\"https:\/\/alexkalcher.de\/wp-content\/uploads\/Portfolio-TGA.jpg 640w, https:\/\/alexkalcher.de\/wp-content\/uploads\/Portfolio-TGA-300x300.jpg 300w, https:\/\/alexkalcher.de\/wp-content\/uploads\/Portfolio-TGA-150x150.jpg 150w, https:\/\/alexkalcher.de\/wp-content\/uploads\/Portfolio-TGA-24x24.jpg 24w, https:\/\/alexkalcher.de\/wp-content\/uploads\/Portfolio-TGA-36x36.jpg 36w, https:\/\/alexkalcher.de\/wp-content\/uploads\/Portfolio-TGA-48x48.jpg 48w\" data-sizes=\"auto\" loading=\"eager\">\n\t\t<\/a>\t<\/div>\n<\/div>\n\t<figcaption class=\"vp-portfolio__item-overlay vp-portfolio__item-overlay-text-align-center\">\n\t\t<div class=\"vp-portfolio__item-meta-wrap vp-portfolio__custom-scrollbar\">\n\t\t\t\t<a\n\t\thref=\"https:\/\/alexkalcher.de\/wp\/modellbau\/man-tga-xxl-sattelzugmaschine\/\"\n\t\ttabindex=\"-1\" class=\"vp-portfolio__item-meta\" aria-label=\"MAN TGA XXL Sattelzugmaschine\" \t>\n\t\n<h2 class=\"vp-portfolio__item-meta-title\">\n\tMAN TGA XXL Sattelzugmaschine<\/h2>\n<\/a>\t\t<\/div>\n\t<\/figcaption>\n\t\t\t<\/figure>\n\t\t\t\t\t<\/div>\n\t\t\n\t\t<div\t\tclass=\"vp-portfolio__item-wrap vp-portfolio__item-uid-decbd98b\" data-vp-filter=\"\" \t\t>\n\t\t\t\t\t\t\t\t\t<figure class=\"vp-portfolio__item\">\n\t\t\t\t\n<div class=\"vp-portfolio__item-img-wrap\">\n\t<div class=\"vp-portfolio__item-img\">\n\t\t\t<a\n\t\thref=\"https:\/\/alexkalcher.de\/wp\/modellbau\/kippsattelauflieger\/\"\n\t\taria-label=\"Kippsattelauflieger\" \t>\n\t\n\t\t<noscript><img loading=\"lazy\" decoding=\"async\" width=\"640\" height=\"640\" data-skip-lazy src=\"https:\/\/alexkalcher.de\/wp-content\/uploads\/Portfolio-Kipper.jpg\" class=\"wp-image-881\" alt=\"\" srcset=\"https:\/\/alexkalcher.de\/wp-content\/uploads\/Portfolio-Kipper.jpg 640w, https:\/\/alexkalcher.de\/wp-content\/uploads\/Portfolio-Kipper-300x300.jpg 300w, https:\/\/alexkalcher.de\/wp-content\/uploads\/Portfolio-Kipper-150x150.jpg 150w, https:\/\/alexkalcher.de\/wp-content\/uploads\/Portfolio-Kipper-24x24.jpg 24w, https:\/\/alexkalcher.de\/wp-content\/uploads\/Portfolio-Kipper-36x36.jpg 36w, https:\/\/alexkalcher.de\/wp-content\/uploads\/Portfolio-Kipper-48x48.jpg 48w\" sizes=\"auto, (max-width: 640px) 100vw, 640px\" \/><\/noscript><img decoding=\"async\" width=\"640\" height=\"640\" src=\"https:\/\/alexkalcher.de\/wp-content\/uploads\/Portfolio-Kipper.jpg\" class=\"wp-image-881 vp-lazyload\" alt srcset=\"data:image\/svg+xml;base64,PHN2ZyB3aWR0aD0iNjQwIiBoZWlnaHQ9IjY0MCIgdmlld0JveD0iMCAwIDY0MCA2NDAiIGZpbGw9Im5vbmUiIHhtbG5zPSJodHRwOi8vd3d3LnczLm9yZy8yMDAwL3N2ZyI+PC9zdmc+\" data-src=\"https:\/\/alexkalcher.de\/wp-content\/uploads\/Portfolio-Kipper.jpg\" data-srcset=\"https:\/\/alexkalcher.de\/wp-content\/uploads\/Portfolio-Kipper.jpg 640w, https:\/\/alexkalcher.de\/wp-content\/uploads\/Portfolio-Kipper-300x300.jpg 300w, https:\/\/alexkalcher.de\/wp-content\/uploads\/Portfolio-Kipper-150x150.jpg 150w, https:\/\/alexkalcher.de\/wp-content\/uploads\/Portfolio-Kipper-24x24.jpg 24w, https:\/\/alexkalcher.de\/wp-content\/uploads\/Portfolio-Kipper-36x36.jpg 36w, https:\/\/alexkalcher.de\/wp-content\/uploads\/Portfolio-Kipper-48x48.jpg 48w\" data-sizes=\"auto\" loading=\"eager\">\n\t\t<\/a>\t<\/div>\n<\/div>\n\t<figcaption class=\"vp-portfolio__item-overlay vp-portfolio__item-overlay-text-align-center\">\n\t\t<div class=\"vp-portfolio__item-meta-wrap vp-portfolio__custom-scrollbar\">\n\t\t\t\t<a\n\t\thref=\"https:\/\/alexkalcher.de\/wp\/modellbau\/kippsattelauflieger\/\"\n\t\ttabindex=\"-1\" class=\"vp-portfolio__item-meta\" aria-label=\"Kippsattelauflieger\" \t>\n\t\n<h2 class=\"vp-portfolio__item-meta-title\">\n\tKippsattelauflieger<\/h2>\n<\/a>\t\t<\/div>\n\t<\/figcaption>\n\t\t\t<\/figure>\n\t\t\t\t\t<\/div>\n\t\t\n\t\t<div\t\tclass=\"vp-portfolio__item-wrap vp-portfolio__item-uid-4f72bc21\" data-vp-filter=\"\" \t\t>\n\t\t\t\t\t\t\t\t\t<figure class=\"vp-portfolio__item\">\n\t\t\t\t\n<div class=\"vp-portfolio__item-img-wrap\">\n\t<div class=\"vp-portfolio__item-img\">\n\t\t\t<a\n\t\thref=\"https:\/\/alexkalcher.de\/wp\/modellbau\/kettenbagger-ok-rh-6-6\/\"\n\t\taria-label=\"Kettenbagger O&amp;K RH 6.6\" \t>\n\t\n\t\t<noscript><img loading=\"lazy\" decoding=\"async\" width=\"640\" height=\"640\" data-skip-lazy src=\"https:\/\/alexkalcher.de\/wp-content\/uploads\/Portfolio-Bagger.jpg\" class=\"wp-image-1649\" alt=\"\" srcset=\"https:\/\/alexkalcher.de\/wp-content\/uploads\/Portfolio-Bagger.jpg 640w, https:\/\/alexkalcher.de\/wp-content\/uploads\/Portfolio-Bagger-300x300.jpg 300w, https:\/\/alexkalcher.de\/wp-content\/uploads\/Portfolio-Bagger-150x150.jpg 150w\" sizes=\"auto, (max-width: 640px) 100vw, 640px\" \/><\/noscript><img decoding=\"async\" width=\"640\" height=\"640\" src=\"https:\/\/alexkalcher.de\/wp-content\/uploads\/Portfolio-Bagger.jpg\" class=\"wp-image-1649 vp-lazyload\" alt srcset=\"data:image\/svg+xml;base64,PHN2ZyB3aWR0aD0iNjQwIiBoZWlnaHQ9IjY0MCIgdmlld0JveD0iMCAwIDY0MCA2NDAiIGZpbGw9Im5vbmUiIHhtbG5zPSJodHRwOi8vd3d3LnczLm9yZy8yMDAwL3N2ZyI+PC9zdmc+\" data-src=\"https:\/\/alexkalcher.de\/wp-content\/uploads\/Portfolio-Bagger.jpg\" data-srcset=\"https:\/\/alexkalcher.de\/wp-content\/uploads\/Portfolio-Bagger.jpg 640w, https:\/\/alexkalcher.de\/wp-content\/uploads\/Portfolio-Bagger-300x300.jpg 300w, https:\/\/alexkalcher.de\/wp-content\/uploads\/Portfolio-Bagger-150x150.jpg 150w\" data-sizes=\"auto\" loading=\"eager\">\n\t\t<\/a>\t<\/div>\n<\/div>\n\t<figcaption class=\"vp-portfolio__item-overlay vp-portfolio__item-overlay-text-align-center\">\n\t\t<div class=\"vp-portfolio__item-meta-wrap vp-portfolio__custom-scrollbar\">\n\t\t\t\t<a\n\t\thref=\"https:\/\/alexkalcher.de\/wp\/modellbau\/kettenbagger-ok-rh-6-6\/\"\n\t\ttabindex=\"-1\" class=\"vp-portfolio__item-meta\" aria-label=\"Kettenbagger O&amp;K RH 6.6\" \t>\n\t\n<h2 class=\"vp-portfolio__item-meta-title\">\n\tKettenbagger O&amp;K RH 6.6<\/h2>\n<\/a>\t\t<\/div>\n\t<\/figcaption>\n\t\t\t<\/figure>\n\t\t\t\t\t<\/div>\n\t\t\n<\/div>\n\t\t<\/div>\n\t\t\n<\/div>\n<\/div>","protected":false},"excerpt":{"rendered":"<p>Die Faszination beim LKW-Modellbau ist, das Vorbild so detailgetreu wie m\u00f6glich nachzubauen. Optisch und funktionell.<\/p>\n","protected":false},"author":1,"featured_media":0,"parent":0,"menu_order":0,"comment_status":"closed","ping_status":"closed","template":"","meta":{"_vp_format_video_url":"","_vp_image_focal_point":[],"footnotes":""},"class_list":["post-178","page","type-page","status-publish","hentry"],"wp-worthy-pixel":{"ignored":false,"public":null,"server":null,"url":null},"wp-worthy-type":"normal","_links":{"self":[{"href":"https:\/\/alexkalcher.de\/wp\/wp-json\/wp\/v2\/pages\/178","targetHints":{"allow":["GET"]}}],"collection":[{"href":"https:\/\/alexkalcher.de\/wp\/wp-json\/wp\/v2\/pages"}],"about":[{"href":"https:\/\/alexkalcher.de\/wp\/wp-json\/wp\/v2\/types\/page"}],"author":[{"embeddable":true,"href":"https:\/\/alexkalcher.de\/wp\/wp-json\/wp\/v2\/users\/1"}],"replies":[{"embeddable":true,"href":"https:\/\/alexkalcher.de\/wp\/wp-json\/wp\/v2\/comments?post=178"}],"version-history":[{"count":10,"href":"https:\/\/alexkalcher.de\/wp\/wp-json\/wp\/v2\/pages\/178\/revisions"}],"predecessor-version":[{"id":2251,"href":"https:\/\/alexkalcher.de\/wp\/wp-json\/wp\/v2\/pages\/178\/revisions\/2251"}],"wp:attachment":[{"href":"https:\/\/alexkalcher.de\/wp\/wp-json\/wp\/v2\/media?parent=178"}],"curies":[{"name":"wp","href":"https:\/\/api.w.org\/{rel}","templated":true}]}}