{"id":180,"date":"2019-11-10T15:23:44","date_gmt":"2019-11-10T14:23:44","guid":{"rendered":"http:\/\/alexkalcher.de\/wp\/?page_id=180"},"modified":"2019-12-12T20:53:35","modified_gmt":"2019-12-12T19:53:35","slug":"mobile-daten-und-energieeinheit","status":"publish","type":"page","link":"https:\/\/alexkalcher.de\/wp\/star-trek\/mobile-daten-und-energieeinheit\/","title":{"rendered":"Mobile Daten- und Energieeinheit"},"content":{"rendered":"<p><strong>Ab und zu sieht man in Star Trek-Folgen tragbare Ger\u00e4te, mit denen Energie \u00fcbertragen oder Daten ausgelesen werden. Angelehnt an diese Einheiten entstand meine mobile Daten- und Energieeinheit.<\/strong><\/p>\n<p>An der Au\u00dfenseite <a href=\"https:\/\/alexkalcher.de\/wp\/star-trek\/werkzeugkoffer\/\">meines Werkzeugkoffers<\/a> befand sich ein Kleinteilefach, das ich f\u00fcr diesen Zweck umfunktionierte.<\/p>\n<p>Links in das Hauptfach kam ein 12-Volt-Akku. Mittig, auf zwei Holzst\u00fccke, setzte ich eine Kunststoffplatte mit einer Einbaubuchse.<\/p>\n<p>Das Herzst\u00fcck ist ein kleines 12-Volt-Anzeigeelement. Es hat einen kleinen Trafo und eine Art Leuchtschlange, die sich um ein rechteckiges Milchglas-Feld schl\u00e4ngelt. An den Strom angeschlossen, beleuchtet die Leuchtschlange das Milchglasfeld sehr gleichm\u00e4\u00dfig und hell.<\/p>\n<p>Ich druckte ein passendes Lcars-Element aus und legte es unter den Rahmen des Anzeigefeldes. Das Feld selber wurde neben die Einbaubuchse fest eingeklebt.<\/p>\n<p>Etwas sp\u00e4ter wanderte noch ein Taster unterhalb der Buchse in die Einheit.<\/p>\n<style type=\"text\/css\">\n#foogallery-gallery-181.fg-justified .fg-item { margin-right: 1px; margin-bottom: 1px; }\n#foogallery-gallery-181.fg-justified .fg-image { height: 150px; }<\/style>\n\t\t\t<div class=\"foogallery foogallery-container foogallery-justified foogallery-lightbox-foobox fg-justified fg-ready fg-light fg-shadow-large fg-loading-partial fg-loaded-fade-in fg-caption-hover fg-hover-fade fg-hover-zoom\" id=\"foogallery-gallery-181\" data-foogallery=\"{&quot;item&quot;:{&quot;showCaptionTitle&quot;:true,&quot;showCaptionDescription&quot;:true},&quot;lazy&quot;:true,&quot;template&quot;:{&quot;rowHeight&quot;:150,&quot;maxRowHeight&quot;:300,&quot;margins&quot;:1,&quot;align&quot;:&quot;center&quot;,&quot;lastRow&quot;:&quot;smart&quot;}}\" style=\"--fg-title-line-clamp: 0; --fg-description-line-clamp: 0;\" >\n\t<div class=\"fg-item fg-type-image fg-idle\"><figure class=\"fg-item-inner\"><a href=\"https:\/\/alexkalcher.de\/wp-content\/uploads\/koffer02.jpg\" data-caption-title=\"Kleinteilefach\" data-caption-desc=\"Hinter diese Klappe soll meine Dateneinheit kommen\" data-attachment-id=\"187\" data-type=\"image\" class=\"fg-thumb\"><span class=\"fg-image-wrap\"><img fetchpriority=\"high\" decoding=\"async\" title=\"Kleinteilefach\" height=\"300\" width=\"400\" class=\"skip-lazy fg-image\" data-src-fg=\"https:\/\/alexkalcher.de\/wp-content\/uploads\/koffer02.jpg\" src=\"data:image\/svg+xml,%3Csvg%20xmlns%3D%22http%3A%2F%2Fwww.w3.org%2F2000%2Fsvg%22%20width%3D%22400%22%20height%3D%22300%22%20viewBox%3D%220%200%20400%20300%22%3E%3C%2Fsvg%3E\" loading=\"eager\"><\/span><span class=\"fg-image-overlay\"><\/span><\/a><figcaption class=\"fg-caption\"><div class=\"fg-caption-inner\"><div class=\"fg-caption-title\">Kleinteilefach<\/div><div class=\"fg-caption-desc\">Hinter diese Klappe soll meine Dateneinheit kommen<\/div><\/div><\/figcaption><\/figure><div class=\"fg-loader\"><\/div><\/div><div class=\"fg-item fg-type-image fg-idle\"><figure class=\"fg-item-inner\"><a href=\"https:\/\/alexkalcher.de\/wp-content\/uploads\/koffer01.jpg\" data-caption-title=\"Werkzeugkoffer\" data-caption-desc=\"Baum\u00e4rkte und Webshops bieten dutzende Varianten an passenden Koffern.\" data-attachment-id=\"188\" data-type=\"image\" class=\"fg-thumb\"><span class=\"fg-image-wrap\"><img decoding=\"async\" title=\"Werkzeugkoffer\" height=\"300\" width=\"400\" class=\"skip-lazy fg-image\" data-src-fg=\"https:\/\/alexkalcher.de\/wp-content\/uploads\/koffer01.jpg\" src=\"data:image\/svg+xml,%3Csvg%20xmlns%3D%22http%3A%2F%2Fwww.w3.org%2F2000%2Fsvg%22%20width%3D%22400%22%20height%3D%22300%22%20viewBox%3D%220%200%20400%20300%22%3E%3C%2Fsvg%3E\" loading=\"eager\"><\/span><span class=\"fg-image-overlay\"><\/span><\/a><figcaption class=\"fg-caption\"><div class=\"fg-caption-inner\"><div class=\"fg-caption-title\">Werkzeugkoffer<\/div><div class=\"fg-caption-desc\">Baum\u00e4rkte und Webshops bieten dutzende Varianten an passenden Koffern.<\/div><\/div><\/figcaption><\/figure><div class=\"fg-loader\"><\/div><\/div><div class=\"fg-item fg-type-image fg-idle\"><figure class=\"fg-item-inner\"><a href=\"https:\/\/alexkalcher.de\/wp-content\/uploads\/dataunit7.jpg\" data-caption-title=\"Leuchtfeld\" data-caption-desc=\"Das Leuchtfeld mit Taster sorgt f\u00fcr ein gleichm\u00e4\u00dfig ausgeleuchtetes LCARS-Panel\" data-attachment-id=\"184\" data-type=\"image\" class=\"fg-thumb\"><span class=\"fg-image-wrap\"><img decoding=\"async\" title=\"Leuchtfeld\" height=\"300\" width=\"400\" class=\"skip-lazy fg-image\" data-src-fg=\"https:\/\/alexkalcher.de\/wp-content\/uploads\/cache\/dataunit7\/412044282.jpg\" src=\"data:image\/svg+xml,%3Csvg%20xmlns%3D%22http%3A%2F%2Fwww.w3.org%2F2000%2Fsvg%22%20width%3D%22400%22%20height%3D%22300%22%20viewBox%3D%220%200%20400%20300%22%3E%3C%2Fsvg%3E\" loading=\"eager\"><\/span><span class=\"fg-image-overlay\"><\/span><\/a><figcaption class=\"fg-caption\"><div class=\"fg-caption-inner\"><div class=\"fg-caption-title\">Leuchtfeld<\/div><div class=\"fg-caption-desc\">Das Leuchtfeld mit Taster sorgt f\u00fcr ein gleichm\u00e4\u00dfig ausgeleuchtetes LCARS-Panel<\/div><\/div><\/figcaption><\/figure><div class=\"fg-loader\"><\/div><\/div><div class=\"fg-item fg-type-image fg-idle\"><figure class=\"fg-item-inner\"><a href=\"https:\/\/alexkalcher.de\/wp-content\/uploads\/dataunit4.jpg\" data-caption-title=\"Stromversorgung\" data-caption-desc=\"12 Volt Spannung sind f\u00fcr das Leuchtpanel n\u00f6tig\" data-attachment-id=\"182\" data-type=\"image\" class=\"fg-thumb\"><span class=\"fg-image-wrap\"><img decoding=\"async\" title=\"Stromversorgung\" height=\"300\" width=\"400\" class=\"skip-lazy fg-image\" data-src-fg=\"https:\/\/alexkalcher.de\/wp-content\/uploads\/cache\/dataunit4\/3654084993.jpg\" src=\"data:image\/svg+xml,%3Csvg%20xmlns%3D%22http%3A%2F%2Fwww.w3.org%2F2000%2Fsvg%22%20width%3D%22400%22%20height%3D%22300%22%20viewBox%3D%220%200%20400%20300%22%3E%3C%2Fsvg%3E\" loading=\"eager\"><\/span><span class=\"fg-image-overlay\"><\/span><\/a><figcaption class=\"fg-caption\"><div class=\"fg-caption-inner\"><div class=\"fg-caption-title\">Stromversorgung<\/div><div class=\"fg-caption-desc\">12 Volt Spannung sind f\u00fcr das Leuchtpanel n\u00f6tig<\/div><\/div><\/figcaption><\/figure><div class=\"fg-loader\"><\/div><\/div><\/div>\n\n<h2>Die Datenleitung<\/h2>\n<p>Die Datenleitung selber besteht aus einem transparenten Gartenschlauch. Ich l\u00f6tete einige Gl\u00fchlampen f\u00fcr Lichterketten in Reihe, isolierte die L\u00f6tstellen und zog diese Lichterkette in den Gartenschlauch.<\/p>\n<p>Am Ende brachte ich einen Stopfen an, am Anfang einen in die Buchse passenden Diodenstecker.<\/p>\n<p>Sobald der Stecker eingesteckt wird, schlie\u00dft sich durch eine Br\u00fccke im Stecker ein Stromkreis, die den Akku mit dem Leuchtfeld verbindet. Die Anzeige geht also an, sobald die Datenleitung eingesteckt wird.<\/p>\n<p>Die Verschaltung der Lichterkette war etwas schwieriger: Die in Reihe geschalteten Gl\u00fchl\u00e4mpchen vertragen nur ein paar wenige Volt, haben durch die Reihenschaltung aber einen relativ hohen Strom. Der Vorwiderstand f\u00fcr diese L\u00e4mpchen musste also entsprechend Leistungsf\u00e4hig ausgeelgt werden, mit blieb nur ein Hochleistungswiderstand. Diesen befestigte ich zus\u00e4tzlich an einen K\u00fchlk\u00f6rper, der zwischen Akku und Buchse zu erkennen ist. Da das Ganze dadurch doch ziemlich stark den Akku belastet, ist das Aufleuchten der Datenleitung nur f\u00fcr den Kurzbetrieb vorgesehen und wird daher durch den Taster gesteuert.<\/p>\n<style type=\"text\/css\">\n#foogallery-gallery-190.fg-justified .fg-item { margin-right: 1px; margin-bottom: 1px; }\n#foogallery-gallery-190.fg-justified .fg-image { height: 150px; }<\/style>\n\t\t\t<div class=\"foogallery foogallery-container foogallery-justified foogallery-lightbox-foobox fg-justified fg-ready fg-light fg-shadow-large fg-loading-partial fg-loaded-fade-in fg-caption-hover fg-hover-fade fg-hover-zoom\" id=\"foogallery-gallery-190\" data-foogallery=\"{&quot;item&quot;:{&quot;showCaptionTitle&quot;:true,&quot;showCaptionDescription&quot;:true},&quot;lazy&quot;:true,&quot;template&quot;:{&quot;rowHeight&quot;:150,&quot;maxRowHeight&quot;:300,&quot;margins&quot;:1,&quot;align&quot;:&quot;center&quot;,&quot;lastRow&quot;:&quot;smart&quot;}}\" style=\"--fg-title-line-clamp: 0; --fg-description-line-clamp: 0;\" >\n\t<div class=\"fg-item fg-type-image fg-idle\"><figure class=\"fg-item-inner\"><a href=\"https:\/\/alexkalcher.de\/wp-content\/uploads\/dataunit6.jpg\" data-attachment-id=\"183\" data-type=\"image\" class=\"fg-thumb\"><span class=\"fg-image-wrap\"><img decoding=\"async\" height=\"300\" width=\"400\" class=\"skip-lazy fg-image\" data-src-fg=\"https:\/\/alexkalcher.de\/wp-content\/uploads\/cache\/dataunit6\/15461895.jpg\" src=\"data:image\/svg+xml,%3Csvg%20xmlns%3D%22http%3A%2F%2Fwww.w3.org%2F2000%2Fsvg%22%20width%3D%22400%22%20height%3D%22300%22%20viewBox%3D%220%200%20400%20300%22%3E%3C%2Fsvg%3E\" loading=\"eager\"><\/span><span class=\"fg-image-overlay\"><\/span><\/a><\/figure><div class=\"fg-loader\"><\/div><\/div><div class=\"fg-item fg-type-image fg-idle\"><figure class=\"fg-item-inner\"><a href=\"https:\/\/alexkalcher.de\/wp-content\/uploads\/dataunit2.jpg\" data-caption-title=\"Panel\" data-caption-desc=\"Das beleuchtete LCARS-Panel\" data-attachment-id=\"185\" data-type=\"image\" class=\"fg-thumb\"><span class=\"fg-image-wrap\"><img decoding=\"async\" title=\"Panel\" height=\"300\" width=\"400\" class=\"skip-lazy fg-image\" data-src-fg=\"https:\/\/alexkalcher.de\/wp-content\/uploads\/cache\/dataunit2\/3412936037.jpg\" src=\"data:image\/svg+xml,%3Csvg%20xmlns%3D%22http%3A%2F%2Fwww.w3.org%2F2000%2Fsvg%22%20width%3D%22400%22%20height%3D%22300%22%20viewBox%3D%220%200%20400%20300%22%3E%3C%2Fsvg%3E\" loading=\"eager\"><\/span><span class=\"fg-image-overlay\"><\/span><\/a><figcaption class=\"fg-caption\"><div class=\"fg-caption-inner\"><div class=\"fg-caption-title\">Panel<\/div><div class=\"fg-caption-desc\">Das beleuchtete LCARS-Panel<\/div><\/div><\/figcaption><\/figure><div class=\"fg-loader\"><\/div><\/div><div class=\"fg-item fg-type-image fg-idle\"><figure class=\"fg-item-inner\"><a href=\"https:\/\/alexkalcher.de\/wp-content\/uploads\/dataunit3.jpg\" data-caption-title=\"Leuchtschlauch\" data-caption-desc=\"In der ersten Version aus etlichen in Reihe gel\u00f6teten Gl\u00fchlampen\" data-attachment-id=\"186\" data-type=\"image\" class=\"fg-thumb\"><span class=\"fg-image-wrap\"><img decoding=\"async\" title=\"Leuchtschlauch\" height=\"300\" width=\"400\" class=\"skip-lazy fg-image\" data-src-fg=\"https:\/\/alexkalcher.de\/wp-content\/uploads\/cache\/dataunit3\/539039543.jpg\" src=\"data:image\/svg+xml,%3Csvg%20xmlns%3D%22http%3A%2F%2Fwww.w3.org%2F2000%2Fsvg%22%20width%3D%22400%22%20height%3D%22300%22%20viewBox%3D%220%200%20400%20300%22%3E%3C%2Fsvg%3E\" loading=\"eager\"><\/span><span class=\"fg-image-overlay\"><\/span><\/a><figcaption class=\"fg-caption\"><div class=\"fg-caption-inner\"><div class=\"fg-caption-title\">Leuchtschlauch<\/div><div class=\"fg-caption-desc\">In der ersten Version aus etlichen in Reihe gel\u00f6teten Gl\u00fchlampen<\/div><\/div><\/figcaption><\/figure><div class=\"fg-loader\"><\/div><\/div><div class=\"fg-item fg-type-image fg-idle\"><figure class=\"fg-item-inner\"><a href=\"https:\/\/alexkalcher.de\/wp-content\/uploads\/koffer07.jpg\" data-caption-title=\"Leitung\" data-caption-desc=\"Die Leitung findet im Inneren des Koffers Platz\" data-attachment-id=\"189\" data-type=\"image\" class=\"fg-thumb\"><span class=\"fg-image-wrap\"><img decoding=\"async\" title=\"Leitung\" height=\"300\" width=\"400\" class=\"skip-lazy fg-image\" data-src-fg=\"https:\/\/alexkalcher.de\/wp-content\/uploads\/cache\/koffer07\/2607818236.jpg\" src=\"data:image\/svg+xml,%3Csvg%20xmlns%3D%22http%3A%2F%2Fwww.w3.org%2F2000%2Fsvg%22%20width%3D%22400%22%20height%3D%22300%22%20viewBox%3D%220%200%20400%20300%22%3E%3C%2Fsvg%3E\" loading=\"eager\"><\/span><span class=\"fg-image-overlay\"><\/span><\/a><figcaption class=\"fg-caption\"><div class=\"fg-caption-inner\"><div class=\"fg-caption-title\">Leitung<\/div><div class=\"fg-caption-desc\">Die Leitung findet im Inneren des Koffers Platz<\/div><\/div><\/figcaption><\/figure><div class=\"fg-loader\"><\/div><\/div><\/div>\n\n<p>Die abgezogene Datenleitung hat im Inneren des Koffers, bei den anderen Werkzeugen Platz.<\/p>\n<p>&nbsp;<\/p>\n","protected":false},"excerpt":{"rendered":"<p>Ab und zu sieht man in Star Trek-Folgen tragbare Ger\u00e4te, mit denen Energie \u00fcbertragen oder Daten ausgelesen werden. Angelehnt an diese Einheiten entstand meine mobile Daten- und Energieeinheit. An der Au\u00dfenseite meines Werkzeugkoffers befand sich ein Kleinteilefach, das ich f\u00fcr diesen Zweck umfunktionierte. Links in das Hauptfach kam ein 12-Volt-Akku. Mittig, auf zwei Holzst\u00fccke, setzte&#8230; <\/p>\n","protected":false},"author":1,"featured_media":0,"parent":34,"menu_order":0,"comment_status":"open","ping_status":"closed","template":"","meta":{"_vp_format_video_url":"","_vp_image_focal_point":[],"footnotes":""},"class_list":["post-180","page","type-page","status-publish","hentry"],"wp-worthy-pixel":{"ignored":false,"public":null,"server":null,"url":null},"wp-worthy-type":"normal","_links":{"self":[{"href":"https:\/\/alexkalcher.de\/wp\/wp-json\/wp\/v2\/pages\/180","targetHints":{"allow":["GET"]}}],"collection":[{"href":"https:\/\/alexkalcher.de\/wp\/wp-json\/wp\/v2\/pages"}],"about":[{"href":"https:\/\/alexkalcher.de\/wp\/wp-json\/wp\/v2\/types\/page"}],"author":[{"embeddable":true,"href":"https:\/\/alexkalcher.de\/wp\/wp-json\/wp\/v2\/users\/1"}],"replies":[{"embeddable":true,"href":"https:\/\/alexkalcher.de\/wp\/wp-json\/wp\/v2\/comments?post=180"}],"version-history":[{"count":4,"href":"https:\/\/alexkalcher.de\/wp\/wp-json\/wp\/v2\/pages\/180\/revisions"}],"predecessor-version":[{"id":349,"href":"https:\/\/alexkalcher.de\/wp\/wp-json\/wp\/v2\/pages\/180\/revisions\/349"}],"up":[{"embeddable":true,"href":"https:\/\/alexkalcher.de\/wp\/wp-json\/wp\/v2\/pages\/34"}],"wp:attachment":[{"href":"https:\/\/alexkalcher.de\/wp\/wp-json\/wp\/v2\/media?parent=180"}],"curies":[{"name":"wp","href":"https:\/\/api.w.org\/{rel}","templated":true}]}}