{"id":3342,"date":"2023-01-05T13:24:20","date_gmt":"2023-01-05T12:24:20","guid":{"rendered":"https:\/\/alexkalcher.de\/wp\/?page_id=3342"},"modified":"2024-01-09T20:04:15","modified_gmt":"2024-01-09T19:04:15","slug":"oeffentlichkeitsarbeit-fuer-den-drk-ortsverein-kierspe","status":"publish","type":"page","link":"https:\/\/alexkalcher.de\/wp\/redaktion\/oeffentlichkeitsarbeit-fuer-den-drk-ortsverein-kierspe\/","title":{"rendered":"\u00d6ffentlichkeitsarbeit f\u00fcr den DRK-Ortsverein Kierspe"},"content":{"rendered":"\n<p>Als ehrenamtlicher Helfer einer Hilfsorganisation mit Verbindung zur \u00f6rtlichen Lokalpresse \u00fcbernahm ich im Laufe der Jahre die gesamte Presse- und \u00d6ffentlichkeitsarbeit unseres Ortsvereins.<\/p>\n\n\n\n<p>&#8222;Tue Gutes und rede dar\u00fcber&#8220; ist dabei ein Satz, der im ersten Moment etwas ehrenr\u00fchrig klingen mag, aber einen wichtigen Aspekt hat: Die Darstellung von freiwilliger und ehrenamtlicher Arbeit ist immens wichtig. Spender und F\u00f6rdermitglieder haben ein Recht darauf zu erfahren, wie ihre Spendengelder vor Ort eingesetzt werden und die Gewinnung neuer Helferinnen und Helfer ist ein \u00fcber die Jahre immer wichtigerer Teil der gesamten PR des Verbands geworden.<\/p>\n\n\n\n<h2 class=\"wp-block-heading\">Lokalpresse<\/h2>\n\n\n\n<p>Hunderte Artikel und Presseinformationen sind im Laufe der Jahrzehnte entstanden, die die Arbeit des Ortsvereins auf lokaler Ebene darstellen. Neben Regularien wie Blutspenden und Kleidersammlungen geh\u00f6rte auch immer wieder die Berichterstattung \u00fcber spannende Projekte und neue Initiativen vor Ort dazu sowie auch die aktive Werbung, um neue Helferinnen und Helfer zu gewinnen.<\/p>\n\n\n\n<h2 class=\"wp-block-heading\">Helfer vor Ort<\/h2>\n\n\n\n<p>Eines unserer aufsehenerregendsten Projekte war die Initiative Helfer vor Ort. Dabei wird der kommunale Rettungsdienst durch unsere ehrenamtlichen Helfer unterst\u00fctzt, die in ihrer Freizeit einsatzbereit sind von Zuhause aus mit einem Einsatzfahrzeug zu Notf\u00e4llen in der Stadt ausr\u00fccken. Da der Rettungsdienst aus der Nachbarstadt kommt, haben unsere Helfer einige entscheidende Minuten Zeitvorsprung, die Menschenleben retten k\u00f6nnen.<\/p>\n\n\n\n<p>Da dieses Projekt in unserer Region neu und einzigartig war, war eine intensive mediale Begleitung n\u00f6tig, um Bev\u00f6lkerung, Lokalpolitik, Verwaltung und anderen Beteiligten die Idee und unsere Motivation zu vermitteln und von dem Projekt zu \u00fcberzeugen.<\/p>\n","protected":false},"excerpt":{"rendered":"<p>Als ehrenamtlicher Helfer einer Hilfsorganisation mit Verbindung zur \u00f6rtlichen Lokalpresse \u00fcbernahm ich im Laufe der Jahre die gesamte Presse- und \u00d6ffentlichkeitsarbeit unseres Ortsvereins. &#8222;Tue Gutes und rede dar\u00fcber&#8220; ist dabei ein Satz, der im ersten Moment etwas ehrenr\u00fchrig klingen mag, aber einen wichtigen Aspekt hat: Die Darstellung von freiwilliger und ehrenamtlicher Arbeit ist immens wichtig&#8230;. <\/p>\n","protected":false},"author":1,"featured_media":0,"parent":565,"menu_order":0,"comment_status":"closed","ping_status":"closed","template":"","meta":{"_vp_format_video_url":"","_vp_image_focal_point":[],"footnotes":""},"class_list":["post-3342","page","type-page","status-publish","hentry"],"wp-worthy-pixel":{"ignored":false,"public":null,"server":null,"url":null},"wp-worthy-type":"normal","_links":{"self":[{"href":"https:\/\/alexkalcher.de\/wp\/wp-json\/wp\/v2\/pages\/3342","targetHints":{"allow":["GET"]}}],"collection":[{"href":"https:\/\/alexkalcher.de\/wp\/wp-json\/wp\/v2\/pages"}],"about":[{"href":"https:\/\/alexkalcher.de\/wp\/wp-json\/wp\/v2\/types\/page"}],"author":[{"embeddable":true,"href":"https:\/\/alexkalcher.de\/wp\/wp-json\/wp\/v2\/users\/1"}],"replies":[{"embeddable":true,"href":"https:\/\/alexkalcher.de\/wp\/wp-json\/wp\/v2\/comments?post=3342"}],"version-history":[{"count":1,"href":"https:\/\/alexkalcher.de\/wp\/wp-json\/wp\/v2\/pages\/3342\/revisions"}],"predecessor-version":[{"id":3343,"href":"https:\/\/alexkalcher.de\/wp\/wp-json\/wp\/v2\/pages\/3342\/revisions\/3343"}],"up":[{"embeddable":true,"href":"https:\/\/alexkalcher.de\/wp\/wp-json\/wp\/v2\/pages\/565"}],"wp:attachment":[{"href":"https:\/\/alexkalcher.de\/wp\/wp-json\/wp\/v2\/media?parent=3342"}],"curies":[{"name":"wp","href":"https:\/\/api.w.org\/{rel}","templated":true}]}}