{"id":36,"date":"2018-10-17T13:19:31","date_gmt":"2018-10-17T11:19:31","guid":{"rendered":"http:\/\/alexkalcher.de\/wp\/?page_id=36"},"modified":"2021-02-17T13:03:13","modified_gmt":"2021-02-17T12:03:13","slug":"sensor-gehaeuse","status":"publish","type":"page","link":"https:\/\/alexkalcher.de\/wp\/star-trek\/sensor-gehaeuse\/","title":{"rendered":"Sensor-Geh\u00e4use"},"content":{"rendered":"\n<p><strong>Im Rahmen eines Rollenspiel-Plots entstehen immer wieder spontane Ideen, eine bestimmte Schaltung zu entwickeln und aufzubauen, um die Handlung des Rollenspiels voranzubringen. Oder der Rollenspiel-Plot verlangt an einer bestimmten Stelle ein technisches Ger\u00e4t, um ein Problem zu l\u00f6sen. Auch in den Fernsehserien gibt es h\u00e4ufiger Situationen, in denen technische Einrichtungen entwickelt und aufgebaut werden (&#8222;Mr. La Forge, wir brauchen einen Sensor, der&#8230;&#8220;). <\/strong><\/p>\n\n\n\n<p>Bisher wurde dies im Liverollenspiel immer nur improvisiert umgesetzt, indem irgendwelche Dinge, die einem gerade in die Finger kamen, &#8222;zusammengebaut&#8220; wurden. Und sei es, dass ein Feuerl\u00f6scher in einen Hartschalenkoffer gelegt wurde um als Weltraum-Sonde zu fungieren.<\/p>\n\n\n\n<p>Das Sensor-Geh\u00e4sue setzt genau hier an und erm\u00f6glicht dem Spieler, eine beliebige elektronische Schaltung im Star Trek-Design aufzubauen und diese auch tats\u00e4chlich zu benutzen.<\/p>\n\n\n\n<div id=\"ez-toc-container\" class=\"ez-toc-v2_0_82_2 ez-toc-wrap-right counter-hierarchy ez-toc-counter ez-toc-custom ez-toc-container-direction\">\n<div class=\"ez-toc-title-container\">\n<p class=\"ez-toc-title\" style=\"cursor:inherit\">Abschnitte auf dieser Seite<\/p>\n<span class=\"ez-toc-title-toggle\"><\/span><\/div>\n<nav><ul class='ez-toc-list ez-toc-list-level-1 ' ><li class='ez-toc-page-1 ez-toc-heading-level-2'><a class=\"ez-toc-link ez-toc-heading-1\" href=\"https:\/\/alexkalcher.de\/wp\/star-trek\/sensor-gehaeuse\/#Elektro-Baukasten\" >Elektro-Baukasten<\/a><\/li><li class='ez-toc-page-1 ez-toc-heading-level-2'><a class=\"ez-toc-link ez-toc-heading-2\" href=\"https:\/\/alexkalcher.de\/wp\/star-trek\/sensor-gehaeuse\/#Star_Trek-Look\" >Star Trek-Look<\/a><\/li><li class='ez-toc-page-1 ez-toc-heading-level-2'><a class=\"ez-toc-link ez-toc-heading-3\" href=\"https:\/\/alexkalcher.de\/wp\/star-trek\/sensor-gehaeuse\/#Zusaetzliche_Funktionen\" >Zus\u00e4tzliche Funktionen<\/a><\/li><li class='ez-toc-page-1 ez-toc-heading-level-2'><a class=\"ez-toc-link ez-toc-heading-4\" href=\"https:\/\/alexkalcher.de\/wp\/star-trek\/sensor-gehaeuse\/#Bauteile_und_Unterlagen\" >Bauteile und Unterlagen<\/a><\/li><\/ul><\/nav><\/div>\n<h2 class=\"wp-block-heading\"><span class=\"ez-toc-section\" id=\"Elektro-Baukasten\"><\/span>Elektro-Baukasten<span class=\"ez-toc-section-end\"><\/span><\/h2>\n\n\n\n<p>Die Grundlage daf\u00fcr ist ein Elektronik-Baukasten. Einfache Versionen sind bereits f\u00fcr unter 30 Euro online bestellbar. Sie bestehen aus einigen zig elektrischen Bauteilen, wie Widerst\u00e4nden, Kondensatoren, Halbleitern usw. die auf Kunststoffteilen befestigt sind. Dazu gibt es eine Kunststoffplatte, auf der die Bauteile in einem festgelegten Raster montiert werden k\u00f6nnen. In meinem Baukasten, einem China-Import, kommen f\u00fcr die elektrischen Verbindungen zwischen den Bauteilen einfache Metall-Druckkn\u00f6pfe zum Einsatz &#8211; genial einfach.<\/p>\n\n\n\n<p>Dem Baukasten liegt ein Handbuch bei, in dem einige hundert Schaltungen erkl\u00e4rt sind, die mit den Bauteilen aufgebaut werden k\u00f6nnen. Da der Baukasten auch einen Lautsprecher, sowie verschiedenen Soundmodule enth\u00e4lt, k\u00f6nnen unter anderem diverse Schaltungen aufgebaut werden, die Ger\u00e4usche von sich geben. Aber auch Schaltungen mit blinkenden LEDs, Lampen oder einem Elektromotor k\u00f6nnen umgesetzt werden.<\/p>\n\n\n\n<p>Da das ganze f\u00fcr Kinder und Jugendliche geeignet ist, k\u00f6nnen auch technisch weniger versierte Rollenspieler mit dem Bausatz arbeiten. Die Idee ist, eine der Schaltungen des Bausatzes (vorzugsweise eine mit Soundeffekt) innerhalb des Rollenspiels nachzubauen und dann die aufgebaute Schaltung z.B. als Scanner oder Sonde einzusetzen.<\/p>\n\n\n<table style=\"background-color: #3366CC; width:100%;\">\r\n<tr>\r\n<td style=\"width:50px; border-bottom:0px !important; padding:0px !important; padding-left:10px !important; padding-right:10px !important; vertical-align: top; \">\r\n<p><img decoding=\"async\" src=\"https:\/\/alexkalcher.de\/wp-content\/plugins\/wp-downloadmanager\/images\/ext\/pdf.gif\" alt=\"\" heigt=64 width=64 title=\"\" style=\"vertical-align: top; \" \/>\r\n<\/p>\r\n<\/td>\r\n<td style=\"border-bottom:0px !important; padding:5px !important;\">\r\n<strong><a href=\"https:\/\/alexkalcher.de\/wp\/download\/sensorbeispiel.pdf\" target=\"_blank\">Sensoren-Schaltung<\/a><\/strong><br>\r\n <small style=\"color:grey\"><strong>87,5 KB - 495 mal heruntergeladen<\/strong><\/small><br>\r\nBeispiel f\u00fcr die Umsetzung einer Schaltung aus der Original-Anleitung in ein Star Trek-Rollenspiel-R\u00e4tsel\r\n<\/td>\r\n<\/tr>\r\n<\/table><table style=\"background-color: #3366CC; width:100%;\">\r\n<tr>\r\n<td style=\"width:50px; border-bottom:0px !important; padding:0px !important; padding-left:10px !important; padding-right:10px !important; vertical-align: top; \">\r\n<p><img decoding=\"async\" src=\"https:\/\/alexkalcher.de\/wp-content\/plugins\/wp-downloadmanager\/images\/ext\/pdf.gif\" alt=\"\" heigt=64 width=64 title=\"\" style=\"vertical-align: top; \" \/>\r\n<\/p>\r\n<\/td>\r\n<td style=\"border-bottom:0px !important; padding:5px !important;\">\r\n<strong><a href=\"https:\/\/alexkalcher.de\/wp\/download\/sensorbeispielloesung.pdf\" target=\"_blank\">Sensoren-Schaltung L\u00f6sung<\/a><\/strong><br>\r\n <small style=\"color:grey\"><strong>351,8 KB - 373 mal heruntergeladen<\/strong><\/small><br>\r\nL\u00f6sung f\u00fcr das zuvor genannte Beispiel\r\n<\/td>\r\n<\/tr>\r\n<\/table>\n\n\n<style type=\"text\/css\">\n#foogallery-gallery-237.fg-justified .fg-item { margin-right: 1px; margin-bottom: 1px; }\n#foogallery-gallery-237.fg-justified .fg-image { height: 150px; }<\/style>\n\t\t\t<div class=\"foogallery foogallery-container foogallery-justified foogallery-lightbox-foobox fg-justified fg-ready fg-light fg-shadow-large fg-loading-partial fg-loaded-fade-in fg-caption-hover fg-hover-fade fg-hover-zoom\" id=\"foogallery-gallery-237\" data-foogallery=\"{&quot;item&quot;:{&quot;showCaptionTitle&quot;:true,&quot;showCaptionDescription&quot;:true},&quot;lazy&quot;:true,&quot;template&quot;:{&quot;rowHeight&quot;:150,&quot;maxRowHeight&quot;:300,&quot;margins&quot;:1,&quot;align&quot;:&quot;center&quot;,&quot;lastRow&quot;:&quot;smart&quot;}}\" style=\"--fg-title-line-clamp: 0; --fg-description-line-clamp: 0;\" >\n\t<div class=\"fg-item fg-type-image fg-idle\"><figure class=\"fg-item-inner\"><a href=\"https:\/\/alexkalcher.de\/wp-content\/uploads\/sensor01.jpg\" data-caption-title=\"Elektro-Baukasten\" data-caption-desc=\"Experimentierbaukasten als Basis\" data-attachment-id=\"238\" data-type=\"image\" class=\"fg-thumb\"><span class=\"fg-image-wrap\"><img fetchpriority=\"high\" decoding=\"async\" title=\"Elektro-Baukasten\" height=\"300\" width=\"450\" class=\"skip-lazy fg-image\" data-src-fg=\"https:\/\/alexkalcher.de\/wp-content\/uploads\/cache\/sensor01\/389101629.jpg\" src=\"data:image\/svg+xml,%3Csvg%20xmlns%3D%22http%3A%2F%2Fwww.w3.org%2F2000%2Fsvg%22%20width%3D%22450%22%20height%3D%22300%22%20viewBox%3D%220%200%20450%20300%22%3E%3C%2Fsvg%3E\" loading=\"eager\"><\/span><span class=\"fg-image-overlay\"><\/span><\/a><figcaption class=\"fg-caption\"><div class=\"fg-caption-inner\"><div class=\"fg-caption-title\">Elektro-Baukasten<\/div><div class=\"fg-caption-desc\">Experimentierbaukasten als Basis<\/div><\/div><\/figcaption><\/figure><div class=\"fg-loader\"><\/div><\/div><\/div>\n\n\n\n\n<h2 class=\"wp-block-heading\"><span class=\"ez-toc-section\" id=\"Star_Trek-Look\"><\/span>Star Trek-Look<span class=\"ez-toc-section-end\"><\/span><\/h2>\n\n\n\n<p>Dazu soll der gesamte Baukasten in einen Star Trek-typischen Look gebracht werden. Hierzu wird die Grundplatte des Baukastens in einen Holzkasten geklebt. Der Holzkasten sollte so gro\u00df sein, dass um die Grundplatte herum so viel Abstand ist, dass s\u00e4mtliche Schaltungen aufgebaut werden k\u00f6nnen (bei einigen Schaltungen stehen Bauteile \u00fcber die Grundplatte hinaus). Star Trek-typisch werden die Ecken des Holzkastens au\u00dfen abgerundet und diverse Zierleisten angebracht. Ein Deckel mit Griffen und ein typisches Warnschild lassen die Kiste nach einem originalgetreuen Schaltschrank der Fernsehserie aussehen.<\/p>\n\n\n<style type=\"text\/css\">\n#foogallery-gallery-240.fg-justified .fg-item { margin-right: 1px; margin-bottom: 1px; }\n#foogallery-gallery-240.fg-justified .fg-image { height: 150px; }<\/style>\n\t\t\t<div class=\"foogallery foogallery-container foogallery-justified foogallery-lightbox-foobox fg-justified fg-ready fg-light fg-shadow-large fg-loading-partial fg-loaded-fade-in fg-caption-hover fg-hover-fade fg-hover-zoom\" id=\"foogallery-gallery-240\" data-foogallery=\"{&quot;item&quot;:{&quot;showCaptionTitle&quot;:true,&quot;showCaptionDescription&quot;:true},&quot;lazy&quot;:true,&quot;template&quot;:{&quot;rowHeight&quot;:150,&quot;maxRowHeight&quot;:300,&quot;margins&quot;:1,&quot;align&quot;:&quot;center&quot;,&quot;lastRow&quot;:&quot;smart&quot;}}\" style=\"--fg-title-line-clamp: 0; --fg-description-line-clamp: 0;\" >\n\t<div class=\"fg-item fg-type-image fg-idle\"><figure class=\"fg-item-inner\"><a href=\"https:\/\/alexkalcher.de\/wp-content\/uploads\/sensor02.jpg\" data-caption-title=\"Kiste\" data-caption-desc=\"Kiste mit Deckel und Griffen\" data-attachment-id=\"241\" data-type=\"image\" class=\"fg-thumb\"><span class=\"fg-image-wrap\"><img decoding=\"async\" title=\"Kiste\" height=\"300\" width=\"450\" class=\"skip-lazy fg-image\" data-src-fg=\"https:\/\/alexkalcher.de\/wp-content\/uploads\/cache\/sensor02\/141783588.jpg\" src=\"data:image\/svg+xml,%3Csvg%20xmlns%3D%22http%3A%2F%2Fwww.w3.org%2F2000%2Fsvg%22%20width%3D%22450%22%20height%3D%22300%22%20viewBox%3D%220%200%20450%20300%22%3E%3C%2Fsvg%3E\" loading=\"eager\"><\/span><span class=\"fg-image-overlay\"><\/span><\/a><figcaption class=\"fg-caption\"><div class=\"fg-caption-inner\"><div class=\"fg-caption-title\">Kiste<\/div><div class=\"fg-caption-desc\">Kiste mit Deckel und Griffen<\/div><\/div><\/figcaption><\/figure><div class=\"fg-loader\"><\/div><\/div><div class=\"fg-item fg-type-image fg-idle\"><figure class=\"fg-item-inner\"><a href=\"https:\/\/alexkalcher.de\/wp-content\/uploads\/sensor03.jpg\" data-caption-title=\"Front\" data-caption-desc=\"Zierleisten an der Vorderseite\" data-attachment-id=\"242\" data-type=\"image\" class=\"fg-thumb\"><span class=\"fg-image-wrap\"><img decoding=\"async\" title=\"Front\" height=\"300\" width=\"450\" class=\"skip-lazy fg-image\" data-src-fg=\"https:\/\/alexkalcher.de\/wp-content\/uploads\/cache\/sensor03\/550114507.jpg\" src=\"data:image\/svg+xml,%3Csvg%20xmlns%3D%22http%3A%2F%2Fwww.w3.org%2F2000%2Fsvg%22%20width%3D%22450%22%20height%3D%22300%22%20viewBox%3D%220%200%20450%20300%22%3E%3C%2Fsvg%3E\" loading=\"eager\"><\/span><span class=\"fg-image-overlay\"><\/span><\/a><figcaption class=\"fg-caption\"><div class=\"fg-caption-inner\"><div class=\"fg-caption-title\">Front<\/div><div class=\"fg-caption-desc\">Zierleisten an der Vorderseite<\/div><\/div><\/figcaption><\/figure><div class=\"fg-loader\"><\/div><\/div><div class=\"fg-item fg-type-image fg-idle\"><figure class=\"fg-item-inner\"><a href=\"https:\/\/alexkalcher.de\/wp-content\/uploads\/sensor08.jpg\" data-caption-title=\"Grundplatte\" data-caption-desc=\"Auf dieser Platte werden die Schaltungen aufgebaut\" data-attachment-id=\"244\" data-type=\"image\" class=\"fg-thumb\"><span class=\"fg-image-wrap\"><img decoding=\"async\" title=\"Grundplatte\" height=\"300\" width=\"450\" class=\"skip-lazy fg-image\" data-src-fg=\"https:\/\/alexkalcher.de\/wp-content\/uploads\/cache\/sensor08\/1861730878.jpg\" src=\"data:image\/svg+xml,%3Csvg%20xmlns%3D%22http%3A%2F%2Fwww.w3.org%2F2000%2Fsvg%22%20width%3D%22450%22%20height%3D%22300%22%20viewBox%3D%220%200%20450%20300%22%3E%3C%2Fsvg%3E\" loading=\"eager\"><\/span><span class=\"fg-image-overlay\"><\/span><\/a><figcaption class=\"fg-caption\"><div class=\"fg-caption-inner\"><div class=\"fg-caption-title\">Grundplatte<\/div><div class=\"fg-caption-desc\">Auf dieser Platte werden die Schaltungen aufgebaut<\/div><\/div><\/figcaption><\/figure><div class=\"fg-loader\"><\/div><\/div><\/div>\n\n\n\n<table style=\"background-color: #3366CC; width:100%;\">\r\n<tr>\r\n<td style=\"width:50px; border-bottom:0px !important; padding:0px !important; padding-left:10px !important; padding-right:10px !important; vertical-align: top; \">\r\n<p><img decoding=\"async\" src=\"https:\/\/alexkalcher.de\/wp-content\/plugins\/wp-downloadmanager\/images\/ext\/pdf.gif\" alt=\"\" heigt=64 width=64 title=\"\" style=\"vertical-align: top; \" \/>\r\n<\/p>\r\n<\/td>\r\n<td style=\"border-bottom:0px !important; padding:5px !important;\">\r\n<strong><a href=\"https:\/\/alexkalcher.de\/wp\/download\/warnungen.pdf\" target=\"_blank\">Warnaufkleber<\/a><\/strong><br>\r\n <small style=\"color:grey\"><strong>9,1 KB - 545 mal heruntergeladen<\/strong><\/small><br>\r\nTypische rote Warnaufkleber als Vorlage\r\n<\/td>\r\n<\/tr>\r\n<\/table>\n\n\n\n<h2 class=\"wp-block-heading\"><span class=\"ez-toc-section\" id=\"Zusaetzliche_Funktionen\"><\/span>Zus\u00e4tzliche Funktionen<span class=\"ez-toc-section-end\"><\/span><\/h2>\n\n\n\n<p>Um den Effekt beim Einsetzen des &#8222;Scanners&#8220; zu verst\u00e4rken, kommt an die Frontseite des Geh\u00e4uses noch ein LED-Stroboskop. Im Inneren werden die Anschl\u00fcsse des Stroboskops mit zwei Leitungen verbunden, an dessen Ende zwei Druckkn\u00f6pfe angel\u00f6tet werden. So kann das Stroboskop als weiteres aktives Bauelement in die Schaltung integriert werden und der Soundeffekt der Schaltung kann durch das Blinken unterst\u00fctzt werden.&nbsp;&nbsp;&nbsp;&nbsp;&nbsp;&nbsp;&nbsp;&nbsp;&nbsp;&nbsp;&nbsp;&nbsp;&nbsp;&nbsp;&nbsp;&nbsp;&nbsp;&nbsp;&nbsp;&nbsp;&nbsp;&nbsp;&nbsp;&nbsp;&nbsp;&nbsp;&nbsp;&nbsp;&nbsp;&nbsp;&nbsp;&nbsp;&nbsp;&nbsp;&nbsp;&nbsp;&nbsp;&nbsp;&nbsp;&nbsp;&nbsp;&nbsp;&nbsp;&nbsp;&nbsp;&nbsp;&nbsp;&nbsp;&nbsp;&nbsp;&nbsp;&nbsp;&nbsp;&nbsp;&nbsp;&nbsp;&nbsp;&nbsp;&nbsp;&nbsp;&nbsp;&nbsp;&nbsp;&nbsp;&nbsp;&nbsp;&nbsp;&nbsp;&nbsp;&nbsp;&nbsp;&nbsp;&nbsp;&nbsp;&nbsp;&nbsp;&nbsp;&nbsp;&nbsp;&nbsp;&nbsp;&nbsp;&nbsp;&nbsp;&nbsp; <strong><br><\/strong>Damit die Schaltung im Inneren auch bei geschlossenem Deckel eingeschaltet werden kann, werden an der R\u00fcckseite zwei einfache Taster im Geh\u00e4use vorgesehen. Auf diese wird je eine Holzplatte geklebt, um sie nicht so sehr nach einfachen Tastern aussehen zu lassen.<\/p>\n\n\n\n<p>Im Inneren werden diese Taster ebenfalls an Leitungen mit Druckkn\u00f6pfen gel\u00f6tet und k\u00f6nnen in den Schaltungskreis integriert werden.<\/p>\n\n\n<style type=\"text\/css\">\n#foogallery-gallery-245.fg-justified .fg-item { margin-right: 1px; margin-bottom: 1px; }\n#foogallery-gallery-245.fg-justified .fg-image { height: 150px; }<\/style>\n\t\t\t<div class=\"foogallery foogallery-container foogallery-justified foogallery-lightbox-foobox fg-justified fg-ready fg-light fg-shadow-large fg-loading-partial fg-loaded-fade-in fg-caption-hover fg-hover-fade fg-hover-zoom\" id=\"foogallery-gallery-245\" data-foogallery=\"{&quot;item&quot;:{&quot;showCaptionTitle&quot;:true,&quot;showCaptionDescription&quot;:true},&quot;lazy&quot;:true,&quot;template&quot;:{&quot;rowHeight&quot;:150,&quot;maxRowHeight&quot;:300,&quot;margins&quot;:1,&quot;align&quot;:&quot;center&quot;,&quot;lastRow&quot;:&quot;smart&quot;}}\" style=\"--fg-title-line-clamp: 0; --fg-description-line-clamp: 0;\" >\n\t<div class=\"fg-item fg-type-image fg-idle\"><figure class=\"fg-item-inner\"><a href=\"https:\/\/alexkalcher.de\/wp-content\/uploads\/sensor04.jpg\" data-caption-title=\"Taster\" data-caption-desc=\"Die Taster sind mit Holzscheiben beklebt und sorgen f\u00fcr die Optik\" data-attachment-id=\"246\" data-type=\"image\" class=\"fg-thumb\"><span class=\"fg-image-wrap\"><img decoding=\"async\" title=\"Taster\" height=\"300\" width=\"450\" class=\"skip-lazy fg-image\" data-src-fg=\"https:\/\/alexkalcher.de\/wp-content\/uploads\/cache\/sensor04\/3415585007.jpg\" src=\"data:image\/svg+xml,%3Csvg%20xmlns%3D%22http%3A%2F%2Fwww.w3.org%2F2000%2Fsvg%22%20width%3D%22450%22%20height%3D%22300%22%20viewBox%3D%220%200%20450%20300%22%3E%3C%2Fsvg%3E\" loading=\"eager\"><\/span><span class=\"fg-image-overlay\"><\/span><\/a><figcaption class=\"fg-caption\"><div class=\"fg-caption-inner\"><div class=\"fg-caption-title\">Taster<\/div><div class=\"fg-caption-desc\">Die Taster sind mit Holzscheiben beklebt und sorgen f\u00fcr die Optik<\/div><\/div><\/figcaption><\/figure><div class=\"fg-loader\"><\/div><\/div><div class=\"fg-item fg-type-image fg-idle\"><figure class=\"fg-item-inner\"><a href=\"https:\/\/alexkalcher.de\/wp-content\/uploads\/sensor05.jpg\" data-caption-title=\"Frontseite von innen\" data-caption-desc=\"Hinter der roten Plexiglas-Platte sitzt das Stroboskop\" data-attachment-id=\"247\" data-type=\"image\" class=\"fg-thumb\"><span class=\"fg-image-wrap\"><img decoding=\"async\" title=\"Frontseite von innen\" height=\"300\" width=\"450\" class=\"skip-lazy fg-image\" data-src-fg=\"https:\/\/alexkalcher.de\/wp-content\/uploads\/cache\/sensor05\/3990982753.jpg\" src=\"data:image\/svg+xml,%3Csvg%20xmlns%3D%22http%3A%2F%2Fwww.w3.org%2F2000%2Fsvg%22%20width%3D%22450%22%20height%3D%22300%22%20viewBox%3D%220%200%20450%20300%22%3E%3C%2Fsvg%3E\" loading=\"eager\"><\/span><span class=\"fg-image-overlay\"><\/span><\/a><figcaption class=\"fg-caption\"><div class=\"fg-caption-inner\"><div class=\"fg-caption-title\">Frontseite von innen<\/div><div class=\"fg-caption-desc\">Hinter der roten Plexiglas-Platte sitzt das Stroboskop<\/div><\/div><\/figcaption><\/figure><div class=\"fg-loader\"><\/div><\/div><div class=\"fg-item fg-type-image fg-idle\"><figure class=\"fg-item-inner\"><a href=\"https:\/\/alexkalcher.de\/wp-content\/uploads\/sensor06.jpg\" data-caption-title=\"Leitungen\" data-caption-desc=\"Zusatzleitungen f\u00fcr Schaltungserweiterungen\" data-attachment-id=\"248\" data-type=\"image\" class=\"fg-thumb\"><span class=\"fg-image-wrap\"><img decoding=\"async\" title=\"Leitungen\" height=\"300\" width=\"400\" class=\"skip-lazy fg-image\" data-src-fg=\"https:\/\/alexkalcher.de\/wp-content\/uploads\/cache\/sensor06\/2714920117.jpg\" src=\"data:image\/svg+xml,%3Csvg%20xmlns%3D%22http%3A%2F%2Fwww.w3.org%2F2000%2Fsvg%22%20width%3D%22400%22%20height%3D%22300%22%20viewBox%3D%220%200%20400%20300%22%3E%3C%2Fsvg%3E\" loading=\"eager\"><\/span><span class=\"fg-image-overlay\"><\/span><\/a><figcaption class=\"fg-caption\"><div class=\"fg-caption-inner\"><div class=\"fg-caption-title\">Leitungen<\/div><div class=\"fg-caption-desc\">Zusatzleitungen f\u00fcr Schaltungserweiterungen<\/div><\/div><\/figcaption><\/figure><div class=\"fg-loader\"><\/div><\/div><div class=\"fg-item fg-type-image fg-idle\"><figure class=\"fg-item-inner\"><a href=\"https:\/\/alexkalcher.de\/wp-content\/uploads\/sensor07.jpg\" data-caption-title=\"Frontseite\" data-caption-desc=\"Oben das Stroboskop, innen die Taster\" data-attachment-id=\"249\" data-type=\"image\" class=\"fg-thumb\"><span class=\"fg-image-wrap\"><img decoding=\"async\" title=\"Frontseite\" height=\"300\" width=\"397\" class=\"skip-lazy fg-image\" data-src-fg=\"https:\/\/alexkalcher.de\/wp-content\/uploads\/cache\/sensor07\/2275820603.jpg\" src=\"data:image\/svg+xml,%3Csvg%20xmlns%3D%22http%3A%2F%2Fwww.w3.org%2F2000%2Fsvg%22%20width%3D%22397%22%20height%3D%22300%22%20viewBox%3D%220%200%20397%20300%22%3E%3C%2Fsvg%3E\" loading=\"eager\"><\/span><span class=\"fg-image-overlay\"><\/span><\/a><figcaption class=\"fg-caption\"><div class=\"fg-caption-inner\"><div class=\"fg-caption-title\">Frontseite<\/div><div class=\"fg-caption-desc\">Oben das Stroboskop, innen die Taster<\/div><\/div><\/figcaption><\/figure><div class=\"fg-loader\"><\/div><\/div><\/div>\n\n\n\n\n<h2 class=\"wp-block-heading\"><span class=\"ez-toc-section\" id=\"Bauteile_und_Unterlagen\"><\/span>Bauteile und Unterlagen<span class=\"ez-toc-section-end\"><\/span><\/h2>\n\n\n\n<p>Zun\u00e4chst wird noch der Kasten, in dem die Bauteile untergebracht sind, mit Pappe, Klebefolie und ein paar Design-Elementen in Star Trek-Optik gebracht.<\/p>\n\n\n\n<p>Das gesamte Anleitungsheft mit den Schaltungen nun in Star Trek-Design und einen Technobabble-Wortlauf zu bringen w\u00e4re eine riesige Aufgabe. Daher ist das Anleitungsheft zun\u00e4chst so beigepackt, wie es ist. Bei Bedarf werden daraus einzelne Schaltungen aufgegriffen und als Star Trek-Bauanleitung umgestaltet. Dies wird z.B. immer dann gemacht, wenn eine der Schaltungen im Rahmen eines Rollenspiel-Plots vorgesehen ist und geplant von den Spielern genutzt werden soll.<\/p>\n\n\n<table style=\"background-color: #3366CC; width:100%;\">\r\n<tr>\r\n<td style=\"width:50px; border-bottom:0px !important; padding:0px !important; padding-left:10px !important; padding-right:10px !important; vertical-align: top; \">\r\n<p><img decoding=\"async\" src=\"https:\/\/alexkalcher.de\/wp-content\/plugins\/wp-downloadmanager\/images\/ext\/pdf.gif\" alt=\"\" heigt=64 width=64 title=\"\" style=\"vertical-align: top; \" \/>\r\n<\/p>\r\n<\/td>\r\n<td style=\"border-bottom:0px !important; padding:5px !important;\">\r\n<strong><a href=\"https:\/\/alexkalcher.de\/wp\/download\/sensorgehaeuseinhalt.pdf\" target=\"_blank\">Inhaltsliste<\/a><\/strong><br>\r\n <small style=\"color:grey\"><strong>88,4 KB - 398 mal heruntergeladen<\/strong><\/small><br>\r\nInhaltsliste der Bauteile-Box mit den entsprechenden Nummern und der Anzahl sowie einem Technobabble-Namen f\u00fcr das Bauteil\r\n<\/td>\r\n<\/tr>\r\n<\/table>\n\n\n<style type=\"text\/css\">\n#foogallery-gallery-250.fg-justified .fg-item { margin-right: 1px; margin-bottom: 1px; }\n#foogallery-gallery-250.fg-justified .fg-image { height: 150px; }<\/style>\n\t\t\t<div class=\"foogallery foogallery-container foogallery-justified foogallery-lightbox-foobox fg-justified fg-ready fg-light fg-shadow-large fg-loading-partial fg-loaded-fade-in fg-caption-hover fg-hover-fade fg-hover-zoom\" id=\"foogallery-gallery-250\" data-foogallery=\"{&quot;item&quot;:{&quot;showCaptionTitle&quot;:true,&quot;showCaptionDescription&quot;:true},&quot;lazy&quot;:true,&quot;template&quot;:{&quot;rowHeight&quot;:150,&quot;maxRowHeight&quot;:300,&quot;margins&quot;:1,&quot;align&quot;:&quot;center&quot;,&quot;lastRow&quot;:&quot;smart&quot;}}\" style=\"--fg-title-line-clamp: 0; --fg-description-line-clamp: 0;\" >\n\t<div class=\"fg-item fg-type-image fg-idle\"><figure class=\"fg-item-inner\"><a href=\"https:\/\/alexkalcher.de\/wp-content\/uploads\/sensor09.jpg\" data-caption-title=\"Bauteile\" data-caption-desc=\"Die einzelnen Bauteile in einer passenden Pappschachtel\" data-attachment-id=\"251\" data-type=\"image\" class=\"fg-thumb\"><span class=\"fg-image-wrap\"><img decoding=\"async\" title=\"Bauteile\" height=\"300\" width=\"450\" class=\"skip-lazy fg-image\" data-src-fg=\"https:\/\/alexkalcher.de\/wp-content\/uploads\/cache\/sensor09\/4154932949.jpg\" src=\"data:image\/svg+xml,%3Csvg%20xmlns%3D%22http%3A%2F%2Fwww.w3.org%2F2000%2Fsvg%22%20width%3D%22450%22%20height%3D%22300%22%20viewBox%3D%220%200%20450%20300%22%3E%3C%2Fsvg%3E\" loading=\"eager\"><\/span><span class=\"fg-image-overlay\"><\/span><\/a><figcaption class=\"fg-caption\"><div class=\"fg-caption-inner\"><div class=\"fg-caption-title\">Bauteile<\/div><div class=\"fg-caption-desc\">Die einzelnen Bauteile in einer passenden Pappschachtel<\/div><\/div><\/figcaption><\/figure><div class=\"fg-loader\"><\/div><\/div><div class=\"fg-item fg-type-image fg-idle\"><figure class=\"fg-item-inner\"><a href=\"https:\/\/alexkalcher.de\/wp-content\/uploads\/sensor10.jpg\" data-caption-title=\"Star Trek-Look\" data-caption-desc=\"Zumindest die Inhaltsliste bekommt einen trekkigen Look.\" data-attachment-id=\"252\" data-type=\"image\" class=\"fg-thumb\"><span class=\"fg-image-wrap\"><img decoding=\"async\" title=\"Star Trek-Look\" height=\"300\" width=\"450\" class=\"skip-lazy fg-image\" data-src-fg=\"https:\/\/alexkalcher.de\/wp-content\/uploads\/cache\/sensor10\/461395916.jpg\" src=\"data:image\/svg+xml,%3Csvg%20xmlns%3D%22http%3A%2F%2Fwww.w3.org%2F2000%2Fsvg%22%20width%3D%22450%22%20height%3D%22300%22%20viewBox%3D%220%200%20450%20300%22%3E%3C%2Fsvg%3E\" loading=\"eager\"><\/span><span class=\"fg-image-overlay\"><\/span><\/a><figcaption class=\"fg-caption\"><div class=\"fg-caption-inner\"><div class=\"fg-caption-title\">Star Trek-Look<\/div><div class=\"fg-caption-desc\">Zumindest die Inhaltsliste bekommt einen trekkigen Look.<\/div><\/div><\/figcaption><\/figure><div class=\"fg-loader\"><\/div><\/div><\/div>\n\n","protected":false},"excerpt":{"rendered":"<p>Im Rahmen eines Rollenspiel-Plots entstehen immer wieder spontane Ideen, eine bestimmte Schaltung zu entwickeln und aufzubauen, um die Handlung des Rollenspiels voranzubringen. Oder der Rollenspiel-Plot verlangt an einer bestimmten Stelle ein technisches Ger\u00e4t, um ein Problem zu l\u00f6sen. Auch in den Fernsehserien gibt es h\u00e4ufiger Situationen, in denen technische Einrichtungen entwickelt und aufgebaut werden (&#8222;Mr&#8230;. <\/p>\n","protected":false},"author":1,"featured_media":0,"parent":34,"menu_order":0,"comment_status":"open","ping_status":"closed","template":"","meta":{"_vp_format_video_url":"","_vp_image_focal_point":[],"footnotes":""},"class_list":["post-36","page","type-page","status-publish","hentry"],"wp-worthy-pixel":{"ignored":false,"public":"c343a6a0dcad41568018cf5312bd2607","server":"","url":"https:\/\/vg04.met.vgwort.de\/na\/c343a6a0dcad41568018cf5312bd2607"},"wp-worthy-type":"normal","_links":{"self":[{"href":"https:\/\/alexkalcher.de\/wp\/wp-json\/wp\/v2\/pages\/36","targetHints":{"allow":["GET"]}}],"collection":[{"href":"https:\/\/alexkalcher.de\/wp\/wp-json\/wp\/v2\/pages"}],"about":[{"href":"https:\/\/alexkalcher.de\/wp\/wp-json\/wp\/v2\/types\/page"}],"author":[{"embeddable":true,"href":"https:\/\/alexkalcher.de\/wp\/wp-json\/wp\/v2\/users\/1"}],"replies":[{"embeddable":true,"href":"https:\/\/alexkalcher.de\/wp\/wp-json\/wp\/v2\/comments?post=36"}],"version-history":[{"count":6,"href":"https:\/\/alexkalcher.de\/wp\/wp-json\/wp\/v2\/pages\/36\/revisions"}],"predecessor-version":[{"id":2415,"href":"https:\/\/alexkalcher.de\/wp\/wp-json\/wp\/v2\/pages\/36\/revisions\/2415"}],"up":[{"embeddable":true,"href":"https:\/\/alexkalcher.de\/wp\/wp-json\/wp\/v2\/pages\/34"}],"wp:attachment":[{"href":"https:\/\/alexkalcher.de\/wp\/wp-json\/wp\/v2\/media?parent=36"}],"curies":[{"name":"wp","href":"https:\/\/api.w.org\/{rel}","templated":true}]}}