{"id":50,"date":"2018-10-17T13:21:37","date_gmt":"2018-10-17T11:21:37","guid":{"rendered":"http:\/\/alexkalcher.de\/wp\/?page_id=50"},"modified":"2019-12-12T20:53:35","modified_gmt":"2019-12-12T19:53:35","slug":"guertelholster","status":"publish","type":"page","link":"https:\/\/alexkalcher.de\/wp\/star-trek\/guertelholster\/","title":{"rendered":"G\u00fcrtelholster"},"content":{"rendered":"<p><strong>Einiges ver\u00e4ndert sich auch im Star Trek Universum nicht. Dazu geh\u00f6ren sicherlich Holster f\u00fcr Waffen und wichtige Ger\u00e4te. Einen praktischen Halfter f\u00fcr den G\u00fcrtel, in dem Phaser und Tricorder untergebracht werden k\u00f6nnen, kann man einfach selbst herstellen.<\/strong><\/p>\n<p>Grundlage des Holsters ist festes Papier. Es wird so zurecht geschnitten, dass es nicht zu eng, aber auch nicht zu locker um das Ger\u00e4t passt. Beim Tricorderholster ist darauf zu achten, dass der Rand hoch genug ist. Es gen\u00fcgt, wenn das Ger\u00e4t einige Zentimeter herausschaut. So f\u00e4llt der Tricorder nicht versehentlich aus dem Halfter. Der Phaserhalter ist von der Form her schon schwieriger. Hier ist die obere Kante wichtig, die den Phaser vor herausfallen sichert. Auf den Fotos wird die Form recht deutlich. Das Papier dient bei beiden Holstern nur als Grundlage und kann ruhig etwas &#8222;gest\u00fcckelt&#8220; werden.<br \/>\nZur Stabilisierung wird feines Kreppband um den Halfter gewickelt. Mehrere Lagen werden gleichm\u00e4\u00dfig und gerade \u00fcber alle Kanten geklebt und verleihen so die n\u00f6tige Stabilit\u00e4t bei gleichzeitiger Flexibilit\u00e4t.<br \/>\nZuletzt wird Doppelseitiges Klebeband in einer Schicht um den Halfter geklebt. Die Schutzfolie wird entfernt und der Halter faltenfrei auf schwarzen Stoff geklebt. Die Ecken sollten eingeschnitten und auf die Innenseite umgeschlagen werden.<\/p>\n<p>Der besondere Clou an diesen Holstern ist die Mobilit\u00e4t. Da vor allem der Phaser nicht immer getragen werden muss, sollte der gesamte Holster schnell zu entfernen sein ohne den kompletten Hoseng\u00fcrtel abnehmen zu m\u00fcssen. Dies l\u00e4sst sich am einfachsten durch zwei Druckkn\u00f6pfe erledigen. Sie werden zum einen in den Holster und zum anderen in eine G\u00fcrtelschlaufe gepresst. Die Schlaufe l\u00e4sst sich problemlos als einfache Banderole herstellen, in die der G\u00fcrtel eingef\u00e4delt wird. Im Holster sollten die Kn\u00f6pfe von innen mit Klebeband gesichert werden, damit die Metallteile nicht das Ger\u00e4t verkratzen.<\/p>\n<style type=\"text\/css\">\n#foogallery-gallery-208.fg-justified .fg-item { margin-right: 1px; margin-bottom: 1px; }\n#foogallery-gallery-208.fg-justified .fg-image { height: 150px; }<\/style>\n\t\t\t<div class=\"foogallery foogallery-container foogallery-justified foogallery-lightbox-foobox fg-justified fg-ready fg-light fg-shadow-large fg-loading-partial fg-loaded-fade-in fg-caption-hover fg-hover-fade fg-hover-zoom\" id=\"foogallery-gallery-208\" data-foogallery=\"{&quot;item&quot;:{&quot;showCaptionTitle&quot;:true,&quot;showCaptionDescription&quot;:true},&quot;lazy&quot;:true,&quot;template&quot;:{&quot;rowHeight&quot;:150,&quot;maxRowHeight&quot;:300,&quot;margins&quot;:1,&quot;align&quot;:&quot;center&quot;,&quot;lastRow&quot;:&quot;smart&quot;}}\" style=\"--fg-title-line-clamp: 0; --fg-description-line-clamp: 0;\" >\n\t<div class=\"fg-item fg-type-image fg-idle\"><figure class=\"fg-item-inner\"><a href=\"https:\/\/alexkalcher.de\/wp-content\/uploads\/holster02.jpg\" data-caption-title=\"Papier\" data-caption-desc=\"Papier mit Kreppband bildet die Grundlage\" data-attachment-id=\"212\" data-type=\"image\" class=\"fg-thumb\"><span class=\"fg-image-wrap\"><img fetchpriority=\"high\" decoding=\"async\" title=\"Papier\" height=\"300\" width=\"400\" class=\"skip-lazy fg-image\" data-src-fg=\"https:\/\/alexkalcher.de\/wp-content\/uploads\/holster02.jpg\" src=\"data:image\/svg+xml,%3Csvg%20xmlns%3D%22http%3A%2F%2Fwww.w3.org%2F2000%2Fsvg%22%20width%3D%22400%22%20height%3D%22300%22%20viewBox%3D%220%200%20400%20300%22%3E%3C%2Fsvg%3E\" loading=\"eager\"><\/span><span class=\"fg-image-overlay\"><\/span><\/a><figcaption class=\"fg-caption\"><div class=\"fg-caption-inner\"><div class=\"fg-caption-title\">Papier<\/div><div class=\"fg-caption-desc\">Papier mit Kreppband bildet die Grundlage<\/div><\/div><\/figcaption><\/figure><div class=\"fg-loader\"><\/div><\/div><div class=\"fg-item fg-type-image fg-idle\"><figure class=\"fg-item-inner\"><a href=\"https:\/\/alexkalcher.de\/wp-content\/uploads\/holster01.jpg\" data-caption-title=\"Druckkn\u00f6pfe\" data-caption-desc=\"Mit einer G\u00fcrtellasche mit Druckkn\u00f6pfen ist der Holster flexibel\" data-attachment-id=\"211\" data-type=\"image\" class=\"fg-thumb\"><span class=\"fg-image-wrap\"><img decoding=\"async\" title=\"Druckkn\u00f6pfe\" height=\"300\" width=\"400\" class=\"skip-lazy fg-image\" data-src-fg=\"https:\/\/alexkalcher.de\/wp-content\/uploads\/holster01.jpg\" src=\"data:image\/svg+xml,%3Csvg%20xmlns%3D%22http%3A%2F%2Fwww.w3.org%2F2000%2Fsvg%22%20width%3D%22400%22%20height%3D%22300%22%20viewBox%3D%220%200%20400%20300%22%3E%3C%2Fsvg%3E\" loading=\"eager\"><\/span><span class=\"fg-image-overlay\"><\/span><\/a><figcaption class=\"fg-caption\"><div class=\"fg-caption-inner\"><div class=\"fg-caption-title\">Druckkn\u00f6pfe<\/div><div class=\"fg-caption-desc\">Mit einer G\u00fcrtellasche mit Druckkn\u00f6pfen ist der Holster flexibel<\/div><\/div><\/figcaption><\/figure><div class=\"fg-loader\"><\/div><\/div><div class=\"fg-item fg-type-image fg-idle\"><figure class=\"fg-item-inner\"><a href=\"https:\/\/alexkalcher.de\/wp-content\/uploads\/holster03.jpg\" data-caption-desc=\"So ein Holster ist schnell gemacht\" data-attachment-id=\"209\" data-type=\"image\" class=\"fg-thumb\"><span class=\"fg-image-wrap\"><img decoding=\"async\" height=\"300\" width=\"400\" class=\"skip-lazy fg-image\" data-src-fg=\"https:\/\/alexkalcher.de\/wp-content\/uploads\/holster03.jpg\" src=\"data:image\/svg+xml,%3Csvg%20xmlns%3D%22http%3A%2F%2Fwww.w3.org%2F2000%2Fsvg%22%20width%3D%22400%22%20height%3D%22300%22%20viewBox%3D%220%200%20400%20300%22%3E%3C%2Fsvg%3E\" loading=\"eager\"><\/span><span class=\"fg-image-overlay\"><\/span><\/a><figcaption class=\"fg-caption\"><div class=\"fg-caption-inner\"><div class=\"fg-caption-desc\">So ein Holster ist schnell gemacht<\/div><\/div><\/figcaption><\/figure><div class=\"fg-loader\"><\/div><\/div><div class=\"fg-item fg-type-image fg-idle\"><figure class=\"fg-item-inner\"><a href=\"https:\/\/alexkalcher.de\/wp-content\/uploads\/holster04.jpg\" data-caption-title=\"Stoff\" data-caption-desc=\"Mit doppelseitigem Klebeband wird schwarzer Stoff aufgeklebt\" data-attachment-id=\"210\" data-type=\"image\" class=\"fg-thumb\"><span class=\"fg-image-wrap\"><img decoding=\"async\" title=\"Stoff\" height=\"300\" width=\"400\" class=\"skip-lazy fg-image\" data-src-fg=\"https:\/\/alexkalcher.de\/wp-content\/uploads\/holster04.jpg\" src=\"data:image\/svg+xml,%3Csvg%20xmlns%3D%22http%3A%2F%2Fwww.w3.org%2F2000%2Fsvg%22%20width%3D%22400%22%20height%3D%22300%22%20viewBox%3D%220%200%20400%20300%22%3E%3C%2Fsvg%3E\" loading=\"eager\"><\/span><span class=\"fg-image-overlay\"><\/span><\/a><figcaption class=\"fg-caption\"><div class=\"fg-caption-inner\"><div class=\"fg-caption-title\">Stoff<\/div><div class=\"fg-caption-desc\">Mit doppelseitigem Klebeband wird schwarzer Stoff aufgeklebt<\/div><\/div><\/figcaption><\/figure><div class=\"fg-loader\"><\/div><\/div><\/div>\n\n","protected":false},"excerpt":{"rendered":"<p>Einiges ver\u00e4ndert sich auch im Star Trek Universum nicht. Dazu geh\u00f6ren sicherlich Holster f\u00fcr Waffen und wichtige Ger\u00e4te. Einen praktischen Halfter f\u00fcr den G\u00fcrtel, in dem Phaser und Tricorder untergebracht werden k\u00f6nnen, kann man einfach selbst herstellen. Grundlage des Holsters ist festes Papier. Es wird so zurecht geschnitten, dass es nicht zu eng, aber auch&#8230; <\/p>\n","protected":false},"author":1,"featured_media":0,"parent":34,"menu_order":0,"comment_status":"open","ping_status":"closed","template":"","meta":{"_vp_format_video_url":"","_vp_image_focal_point":[],"footnotes":""},"class_list":["post-50","page","type-page","status-publish","hentry"],"wp-worthy-pixel":{"ignored":false,"public":null,"server":null,"url":null},"wp-worthy-type":"normal","_links":{"self":[{"href":"https:\/\/alexkalcher.de\/wp\/wp-json\/wp\/v2\/pages\/50","targetHints":{"allow":["GET"]}}],"collection":[{"href":"https:\/\/alexkalcher.de\/wp\/wp-json\/wp\/v2\/pages"}],"about":[{"href":"https:\/\/alexkalcher.de\/wp\/wp-json\/wp\/v2\/types\/page"}],"author":[{"embeddable":true,"href":"https:\/\/alexkalcher.de\/wp\/wp-json\/wp\/v2\/users\/1"}],"replies":[{"embeddable":true,"href":"https:\/\/alexkalcher.de\/wp\/wp-json\/wp\/v2\/comments?post=50"}],"version-history":[{"count":3,"href":"https:\/\/alexkalcher.de\/wp\/wp-json\/wp\/v2\/pages\/50\/revisions"}],"predecessor-version":[{"id":213,"href":"https:\/\/alexkalcher.de\/wp\/wp-json\/wp\/v2\/pages\/50\/revisions\/213"}],"up":[{"embeddable":true,"href":"https:\/\/alexkalcher.de\/wp\/wp-json\/wp\/v2\/pages\/34"}],"wp:attachment":[{"href":"https:\/\/alexkalcher.de\/wp\/wp-json\/wp\/v2\/media?parent=50"}],"curies":[{"name":"wp","href":"https:\/\/api.w.org\/{rel}","templated":true}]}}